{"id":24,"date":"2024-01-08T10:53:26","date_gmt":"2024-01-08T10:53:26","guid":{"rendered":"http:\/\/www.sirincerehabilitasyon.com\/?page_id=24"},"modified":"2024-01-09T07:31:32","modified_gmt":"2024-01-09T07:31:32","slug":"psikolojik-destek","status":"publish","type":"page","link":"https:\/\/www.sirincerehabilitasyon.com\/?page_id=24","title":{"rendered":"Psikolojik Destek"},"content":{"rendered":"\n<p>Bireylerin, fiziksel, bili\u015fsel ve psikolojik sa\u011fl\u0131klar\u0131n\u0131n korunmas\u0131n\u0131 hedef alan \u00f6zel e\u011fitim kurulu\u015flar\u0131n\u0131n en temel basamaklar\u0131ndan bir tanesi de&nbsp;<strong><em>psikolojik destek<\/em><\/strong>&nbsp;basama\u011f\u0131d\u0131r. Kurum i\u00e7erisinde e\u011fitim alan bireylerin, davran\u0131\u015fsal sorunlar\u0131 ve bu duruma ba\u011fl\u0131 olarak geli\u015fen duygusal krizlerin y\u00f6netilmesi, zay\u0131f y\u00f6nlerinin g\u00fc\u00e7lendirilebilmesi i\u00e7in psikolojik destek program\u0131 \u00f6zel e\u011fitim kurumlar\u0131 i\u00e7in temel yap\u0131 ta\u015f\u0131d\u0131r.<\/p>\n\n\n\n<p>\u015eirince \u00d6zel E\u011fitim kurumu olarak bu alanda fark\u0131m\u0131z, yaln\u0131zca kurum i\u00e7erisinde e\u011fitim alan bireylerle de\u011fil; ayn\u0131 zamanda aile gruplar\u0131yla da i\u015f birli\u011fi i\u00e7erisinde olmakt\u0131r. Psikolojik iyi olu\u015f bir ekip i\u015fidir ve bu ba\u011flamda kurum i\u00e7i ve kurum d\u0131\u015f\u0131 fark\u0131ndal\u0131k yaratmak bizim i\u00e7in en k\u0131ymetli olan\u0131d\u0131r.<\/p>\n\n\n\n<p>Biz, her bireyin \u00f6zel oldu\u011funun fark\u0131nday\u0131z ve bunun i\u00e7in \u015eirince \u00d6zel E\u011fitim \u2018\u2019Psikolojik Destek\u2019\u2019 ekibi olarak b\u00fcy\u00fck bir \u00f6zverili ile \u00e7al\u0131\u015fmaktay\u0131z.<\/p>\n","protected":false},"excerpt":{"rendered":"<p>Bireylerin, fiziksel, bili\u015fsel ve psikolojik sa\u011fl\u0131klar\u0131n\u0131n korunmas\u0131n\u0131 hedef alan \u00f6zel e\u011fitim kurulu\u015flar\u0131n\u0131n en temel basamaklar\u0131ndan bir tanesi de&nbsp;psikolojik destek&nbsp;basama\u011f\u0131d\u0131r. Kurum i\u00e7erisinde e\u011fitim alan bireylerin, davran\u0131\u015fsal sorunlar\u0131 ve bu duruma ba\u011fl\u0131 olarak geli\u015fen duygusal krizlerin y\u00f6netilmesi, zay\u0131f y\u00f6nlerinin g\u00fc\u00e7lendirilebilmesi i\u00e7in psikolojik destek program\u0131 \u00f6zel e\u011fitim kurumlar\u0131 i\u00e7in temel yap\u0131 ta\u015f\u0131d\u0131r. \u015eirince \u00d6zel E\u011fitim kurumu olarak bu<span class=\"post-excerpt-end\">&hellip;<\/span><\/p>\n<p class=\"more-link\"><a href=\"https:\/\/www.sirincerehabilitasyon.com\/?page_id=24\" class=\"themebutton\">Read More<\/a><\/p>\n","protected":false},"author":1,"featured_media":84,"parent":0,"menu_order":0,"comment_status":"closed","ping_status":"closed","template":"","meta":{"_exactmetrics_skip_tracking":false,"_exactmetrics_sitenote_active":false,"_exactmetrics_sitenote_note":"","_exactmetrics_sitenote_category":0,"footnotes":""},"class_list":["post-24","page","type-page","status-publish","has-post-thumbnail","hentry"],"_links":{"self":[{"href":"https:\/\/www.sirincerehabilitasyon.com\/index.php?rest_route=\/wp\/v2\/pages\/24","targetHints":{"allow":["GET"]}}],"collection":[{"href":"https:\/\/www.sirincerehabilitasyon.com\/index.php?rest_route=\/wp\/v2\/pages"}],"about":[{"href":"https:\/\/www.sirincerehabilitasyon.com\/index.php?rest_route=\/wp\/v2\/types\/page"}],"author":[{"embeddable":true,"href":"https:\/\/www.sirincerehabilitasyon.com\/index.php?rest_route=\/wp\/v2\/users\/1"}],"replies":[{"embeddable":true,"href":"https:\/\/www.sirincerehabilitasyon.com\/index.php?rest_route=%2Fwp%2Fv2%2Fcomments&post=24"}],"version-history":[{"count":2,"href":"https:\/\/www.sirincerehabilitasyon.com\/index.php?rest_route=\/wp\/v2\/pages\/24\/revisions"}],"predecessor-version":[{"id":86,"href":"https:\/\/www.sirincerehabilitasyon.com\/index.php?rest_route=\/wp\/v2\/pages\/24\/revisions\/86"}],"wp:featuredmedia":[{"embeddable":true,"href":"https:\/\/www.sirincerehabilitasyon.com\/index.php?rest_route=\/wp\/v2\/media\/84"}],"wp:attachment":[{"href":"https:\/\/www.sirincerehabilitasyon.com\/index.php?rest_route=%2Fwp%2Fv2%2Fmedia&parent=24"}],"curies":[{"name":"wp","href":"https:\/\/api.w.org\/{rel}","templated":true}]}}