{"id":159,"date":"2025-12-04T12:34:28","date_gmt":"2025-12-04T12:34:28","guid":{"rendered":"https:\/\/www.sirincerehabilitasyon.com\/?page_id=159"},"modified":"2025-12-04T12:34:29","modified_gmt":"2025-12-04T12:34:29","slug":"fizik-tedavi-ve-rehabilitasyon-hizmeti","status":"publish","type":"page","link":"https:\/\/www.sirincerehabilitasyon.com\/?page_id=159","title":{"rendered":"Fizik Tedavi ve Rehabilitasyon Hizmeti"},"content":{"rendered":"\n<p><strong>Fizik Tedavi ve Rehabilitasyon Hizmeti<\/strong><\/p>\n\n\n\n<p>\u015eirince Rehabilitasyon Merkezi olarak, \u00e7ocuklarda ve yeti\u015fkinlerde g\u00f6r\u00fclen ortopedik, n\u00f6rolojik ve geli\u015fimsel fiziksel sorunlara y\u00f6nelik kapsaml\u0131 fizik tedavi hizmetleri sunuyoruz. Amac\u0131m\u0131z bireyin hareket kapasitesini art\u0131rmak, fonksiyonel ba\u011f\u0131ms\u0131zl\u0131\u011f\u0131n\u0131 desteklemek ve ya\u015fam kalitesini y\u00fckseltmektir.<\/p>\n\n\n\n<p><strong>Fizik Tedavi Alanlar\u0131m\u0131z<\/strong><\/p>\n\n\n\n<ul class=\"wp-block-list\">\n<li>Kas g\u00fc\u00e7s\u00fczl\u00fckleri<\/li>\n\n\n\n<li>Duru\u015f (post\u00fcr) bozukluklar\u0131<\/li>\n\n\n\n<li>Geli\u015fim gerili\u011fine ba\u011fl\u0131 hareket problemleri<\/li>\n\n\n\n<li>Cerebral palsy (CP)<\/li>\n\n\n\n<li>Ortopedik rehabilitasyon<\/li>\n\n\n\n<li>Y\u00fcr\u00fcme bozukluklar\u0131<\/li>\n\n\n\n<li>Denge ve koordinasyon sorunlar\u0131<\/li>\n<\/ul>\n\n\n\n<p><strong>Uygulanan Tedavi Yakla\u015f\u0131mlar\u0131<\/strong><\/p>\n\n\n\n<ul class=\"wp-block-list\">\n<li>Bireysel egzersiz programlar\u0131<\/li>\n\n\n\n<li>N\u00f6rogeli\u015fimsel tedavi<\/li>\n\n\n\n<li>Denge\u2013koordinasyon \u00e7al\u0131\u015fmalar\u0131<\/li>\n\n\n\n<li>Y\u00fcr\u00fcme e\u011fitimi<\/li>\n\n\n\n<li>Duyu-motor geli\u015fim destek programlar\u0131<\/li>\n<\/ul>\n\n\n\n<p><strong>Uzman Fizyoterapistler ile Ki\u015fiye \u00d6zel Programlar<\/strong><\/p>\n\n\n\n<p>Her birey de\u011ferlendirilerek ihtiya\u00e7lar\u0131na uygun, d\u00fczenli takip edilen bir tedavi plan\u0131 uygulan\u0131r.<\/p>\n\n\n\n<p><br><em><strong>Fizik tedavi hizmetlerimiz hakk\u0131nda bilgi almak i\u00e7in merkezimizle ileti\u015fime ge\u00e7in.<\/strong><\/em><\/p>\n\n\n\n<p><\/p>\n","protected":false},"excerpt":{"rendered":"<p>Fizik Tedavi ve Rehabilitasyon Hizmeti \u015eirince Rehabilitasyon Merkezi olarak, \u00e7ocuklarda ve yeti\u015fkinlerde g\u00f6r\u00fclen ortopedik, n\u00f6rolojik ve geli\u015fimsel fiziksel sorunlara y\u00f6nelik kapsaml\u0131 fizik tedavi hizmetleri sunuyoruz. Amac\u0131m\u0131z bireyin hareket kapasitesini art\u0131rmak, fonksiyonel ba\u011f\u0131ms\u0131zl\u0131\u011f\u0131n\u0131 desteklemek ve ya\u015fam kalitesini y\u00fckseltmektir. Fizik Tedavi Alanlar\u0131m\u0131z Uygulanan Tedavi Yakla\u015f\u0131mlar\u0131 Uzman Fizyoterapistler ile Ki\u015fiye \u00d6zel Programlar Her birey de\u011ferlendirilerek ihtiya\u00e7lar\u0131na uygun, d\u00fczenli<span class=\"post-excerpt-end\">&hellip;<\/span><\/p>\n<p class=\"more-link\"><a href=\"https:\/\/www.sirincerehabilitasyon.com\/?page_id=159\" class=\"themebutton\">Read More<\/a><\/p>\n","protected":false},"author":1,"featured_media":0,"parent":0,"menu_order":0,"comment_status":"closed","ping_status":"closed","template":"","meta":{"_exactmetrics_skip_tracking":false,"_exactmetrics_sitenote_active":false,"_exactmetrics_sitenote_note":"","_exactmetrics_sitenote_category":0,"footnotes":""},"class_list":["post-159","page","type-page","status-publish","hentry"],"_links":{"self":[{"href":"https:\/\/www.sirincerehabilitasyon.com\/index.php?rest_route=\/wp\/v2\/pages\/159","targetHints":{"allow":["GET"]}}],"collection":[{"href":"https:\/\/www.sirincerehabilitasyon.com\/index.php?rest_route=\/wp\/v2\/pages"}],"about":[{"href":"https:\/\/www.sirincerehabilitasyon.com\/index.php?rest_route=\/wp\/v2\/types\/page"}],"author":[{"embeddable":true,"href":"https:\/\/www.sirincerehabilitasyon.com\/index.php?rest_route=\/wp\/v2\/users\/1"}],"replies":[{"embeddable":true,"href":"https:\/\/www.sirincerehabilitasyon.com\/index.php?rest_route=%2Fwp%2Fv2%2Fcomments&post=159"}],"version-history":[{"count":1,"href":"https:\/\/www.sirincerehabilitasyon.com\/index.php?rest_route=\/wp\/v2\/pages\/159\/revisions"}],"predecessor-version":[{"id":160,"href":"https:\/\/www.sirincerehabilitasyon.com\/index.php?rest_route=\/wp\/v2\/pages\/159\/revisions\/160"}],"wp:attachment":[{"href":"https:\/\/www.sirincerehabilitasyon.com\/index.php?rest_route=%2Fwp%2Fv2%2Fmedia&parent=159"}],"curies":[{"name":"wp","href":"https:\/\/api.w.org\/{rel}","templated":true}]}}