{"id":157,"date":"2025-12-04T12:32:22","date_gmt":"2025-12-04T12:32:22","guid":{"rendered":"https:\/\/www.sirincerehabilitasyon.com\/?page_id=157"},"modified":"2025-12-04T12:32:23","modified_gmt":"2025-12-04T12:32:23","slug":"disleksi-ozel-ogrenme-guclugu-egitimi","status":"publish","type":"page","link":"https:\/\/www.sirincerehabilitasyon.com\/?page_id=157","title":{"rendered":"Disleksi &#8211; \u00d6zel \u00d6\u011frenme G\u00fc\u00e7l\u00fc\u011f\u00fc E\u011fitimi"},"content":{"rendered":"\n<p><strong>\u00d6zel \u00d6\u011frenme G\u00fc\u00e7l\u00fc\u011f\u00fc (Disleksi) E\u011fitimi <\/strong><\/p>\n\n\n\n<p>\u00d6zel \u00d6\u011frenme G\u00fc\u00e7l\u00fc\u011f\u00fc; okuma, yazma, matematik ve dikkat alanlar\u0131nda g\u00f6r\u00fclen, bireyin akademik becerilerini etkileyen n\u00f6rogeli\u015fimsel bir farkl\u0131l\u0131kt\u0131r. \u015eirince Rehabilitasyon olarak disleksi, disgrafi, diskalkuli ve dikkat eksikli\u011fi gibi alanlarda uzman e\u011fitimler sunuyoruz.<\/p>\n\n\n\n<p><strong>\u00d6zel \u00d6\u011frenme G\u00fc\u00e7l\u00fc\u011f\u00fc Belirtileri<\/strong><\/p>\n\n\n\n<ul class=\"wp-block-list\">\n<li>Harf kar\u0131\u015ft\u0131rma<\/li>\n\n\n\n<li>Okuma-yazma g\u00fc\u00e7l\u00fc\u011f\u00fc<\/li>\n\n\n\n<li>Matematikte zorlanma<\/li>\n\n\n\n<li>Dikkat ve odaklanma problemleri<\/li>\n\n\n\n<li>Yava\u015f \u00f6\u011frenme<\/li>\n<\/ul>\n\n\n\n<p><strong>Uygulanan E\u011fitim Programlar\u0131<\/strong><\/p>\n\n\n\n<ul class=\"wp-block-list\">\n<li>Disleksiye y\u00f6nelik bireysel e\u011fitim<\/li>\n\n\n\n<li>Okuma-yazma geli\u015ftirme \u00e7al\u0131\u015fmalar\u0131<\/li>\n\n\n\n<li>Matematik becerileri destek program\u0131<\/li>\n\n\n\n<li>Dikkat ve haf\u0131za geli\u015ftirme<\/li>\n\n\n\n<li>\u00d6\u011frenme stratejileri e\u011fitimi<\/li>\n<\/ul>\n\n\n\n<p><strong>Erken M\u00fcdahale ile G\u00fc\u00e7l\u00fc Akademik Ba\u015far\u0131<\/strong><\/p>\n\n\n\n<p>Erken ba\u015flayan destekleyici e\u011fitim programlar\u0131, \u00e7ocuklar\u0131n okul ba\u015far\u0131s\u0131n\u0131 ve \u00f6zg\u00fcvenini art\u0131r\u0131r.<\/p>\n\n\n\n<p><br><em><strong>\u00c7ocu\u011funuzun \u00f6\u011frenme g\u00fc\u00e7l\u00fc\u011f\u00fc olabilir mi? \u00dccretsiz \u00f6n de\u011ferlendirme i\u00e7in bize ula\u015f\u0131n<\/strong><\/em><\/p>\n\n\n\n<p><\/p>\n","protected":false},"excerpt":{"rendered":"<p>\u00d6zel \u00d6\u011frenme G\u00fc\u00e7l\u00fc\u011f\u00fc (Disleksi) E\u011fitimi \u00d6zel \u00d6\u011frenme G\u00fc\u00e7l\u00fc\u011f\u00fc; okuma, yazma, matematik ve dikkat alanlar\u0131nda g\u00f6r\u00fclen, bireyin akademik becerilerini etkileyen n\u00f6rogeli\u015fimsel bir farkl\u0131l\u0131kt\u0131r. \u015eirince Rehabilitasyon olarak disleksi, disgrafi, diskalkuli ve dikkat eksikli\u011fi gibi alanlarda uzman e\u011fitimler sunuyoruz. \u00d6zel \u00d6\u011frenme G\u00fc\u00e7l\u00fc\u011f\u00fc Belirtileri Uygulanan E\u011fitim Programlar\u0131 Erken M\u00fcdahale ile G\u00fc\u00e7l\u00fc Akademik Ba\u015far\u0131 Erken ba\u015flayan destekleyici e\u011fitim programlar\u0131, \u00e7ocuklar\u0131n<span class=\"post-excerpt-end\">&hellip;<\/span><\/p>\n<p class=\"more-link\"><a href=\"https:\/\/www.sirincerehabilitasyon.com\/?page_id=157\" class=\"themebutton\">Read More<\/a><\/p>\n","protected":false},"author":1,"featured_media":0,"parent":0,"menu_order":0,"comment_status":"closed","ping_status":"closed","template":"","meta":{"_exactmetrics_skip_tracking":false,"_exactmetrics_sitenote_active":false,"_exactmetrics_sitenote_note":"","_exactmetrics_sitenote_category":0,"footnotes":""},"class_list":["post-157","page","type-page","status-publish","hentry"],"_links":{"self":[{"href":"https:\/\/www.sirincerehabilitasyon.com\/index.php?rest_route=\/wp\/v2\/pages\/157","targetHints":{"allow":["GET"]}}],"collection":[{"href":"https:\/\/www.sirincerehabilitasyon.com\/index.php?rest_route=\/wp\/v2\/pages"}],"about":[{"href":"https:\/\/www.sirincerehabilitasyon.com\/index.php?rest_route=\/wp\/v2\/types\/page"}],"author":[{"embeddable":true,"href":"https:\/\/www.sirincerehabilitasyon.com\/index.php?rest_route=\/wp\/v2\/users\/1"}],"replies":[{"embeddable":true,"href":"https:\/\/www.sirincerehabilitasyon.com\/index.php?rest_route=%2Fwp%2Fv2%2Fcomments&post=157"}],"version-history":[{"count":1,"href":"https:\/\/www.sirincerehabilitasyon.com\/index.php?rest_route=\/wp\/v2\/pages\/157\/revisions"}],"predecessor-version":[{"id":158,"href":"https:\/\/www.sirincerehabilitasyon.com\/index.php?rest_route=\/wp\/v2\/pages\/157\/revisions\/158"}],"wp:attachment":[{"href":"https:\/\/www.sirincerehabilitasyon.com\/index.php?rest_route=%2Fwp%2Fv2%2Fmedia&parent=157"}],"curies":[{"name":"wp","href":"https:\/\/api.w.org\/{rel}","templated":true}]}}