{"id":147,"date":"2024-12-27T08:36:55","date_gmt":"2024-12-27T08:36:55","guid":{"rendered":"https:\/\/www.sirincerehabilitasyon.com\/?page_id=147"},"modified":"2024-12-27T08:51:05","modified_gmt":"2024-12-27T08:51:05","slug":"ram-raporu-nedir","status":"publish","type":"page","link":"https:\/\/www.sirincerehabilitasyon.com\/?page_id=147","title":{"rendered":"Ram Raporu Nedir?"},"content":{"rendered":"\n<h1 class=\"wp-block-heading\">&#8220;\u00c7\u00d6ZGER ya da RAM Raporlar\u0131 \u00c7ocuklar\u0131n Kariyerini Olumsuz Etkiler mi?&#8221;<\/h1>\n\n\n\n<figure class=\"wp-block-image size-full\"><img loading=\"lazy\" decoding=\"async\" width=\"960\" height=\"390\" src=\"http:\/\/www.sirincerehabilitasyon.com\/wp-content\/uploads\/2024\/01\/sirincegecikmis1600x650.jpg\" alt=\"\" class=\"wp-image-83\" srcset=\"https:\/\/www.sirincerehabilitasyon.com\/wp-content\/uploads\/2024\/01\/sirincegecikmis1600x650.jpg 960w, https:\/\/www.sirincerehabilitasyon.com\/wp-content\/uploads\/2024\/01\/sirincegecikmis1600x650-300x122.jpg 300w, https:\/\/www.sirincerehabilitasyon.com\/wp-content\/uploads\/2024\/01\/sirincegecikmis1600x650-768x312.jpg 768w\" sizes=\"auto, (max-width: 960px) 100vw, 960px\" \/><\/figure>\n\n\n\n<p><strong>\u00c7ocuklar i\u00e7in \u00d6zel Gereksinim Raporu (\u00c7\u00d6ZGER)<\/strong>, \u00e7ocuklar\u0131n \u00f6zel e\u011fitim ve rehabilitasyon hizmetlerinden yararlanabilmeleri i\u00e7in gereken \u00f6nemli bir belgedir. Bu rapor, \u00e7ocu\u011fun \u00f6zel gereksinimlerinin resmi olarak tan\u0131nmas\u0131n\u0131 ve bu ihtiya\u00e7lara y\u00f6nelik uygun desteklerin sa\u011flanmas\u0131n\u0131 ama\u00e7lar. \u00c7\u00d6ZGER al\u0131nma s\u00fcreci, genellikle a\u015fa\u011f\u0131daki ad\u0131mlar\u0131 i\u00e7erir:<\/p>\n\n\n\n<h3 class=\"wp-block-heading\">1. Ba\u015fvuru Yap\u0131lmas\u0131<\/h3>\n\n\n\n<ul class=\"wp-block-list\">\n<li>Aileler veya \u00e7ocu\u011fun yasal velileri, \u00e7ocuklar\u0131n\u0131n \u00f6zel gereksinimlerine ili\u015fkin de\u011ferlendirme ve rapor almak \u00fczere, en yak\u0131n Rehberlik ve Ara\u015ft\u0131rma Merkezi\u2019ne (RAM) veya\u00a0yetkili sa\u011fl\u0131k kurulu\u015funa\u00a0ba\u015fvuruda bulunur.<\/li>\n<\/ul>\n\n\n\n<h3 class=\"wp-block-heading\">2. Gerekli Belgelerin Haz\u0131rlanmas\u0131<\/h3>\n\n\n\n<ul class=\"wp-block-list\">\n<li>Ba\u015fvuru s\u0131ras\u0131nda, \u00e7ocu\u011fun kimlik belgesi, aile hekiminden al\u0131nacak y\u00f6nlendirme yaz\u0131s\u0131 ve varsa daha \u00f6nce yap\u0131lm\u0131\u015f tetkik veya de\u011ferlendirmelere ait belgeler gibi gerekli evraklar talep edilebilir.<\/li>\n<\/ul>\n\n\n\n<h3 class=\"wp-block-heading\">3. De\u011ferlendirme S\u00fcreci<\/h3>\n\n\n\n<ul class=\"wp-block-list\">\n<li>Ba\u015fvurunun ard\u0131ndan, \u00e7ocuk multidisipliner bir ekip taraf\u0131ndan de\u011ferlendirilir. Bu ekip genellikle \u00e7ocuk psikiyatristi, \u00e7ocuk n\u00f6rolo\u011fu, \u00f6zel e\u011fitim uzmanlar\u0131 ve gerekti\u011finde di\u011fer uzmanl\u0131k alanlar\u0131ndan sa\u011fl\u0131k profesyonellerini i\u00e7erir.<\/li>\n\n\n\n<li>De\u011ferlendirme s\u00fcreci, \u00e7ocu\u011fun fiziksel, bili\u015fsel, duygusal ve sosyal becerilerini kapsaml\u0131 bir \u015fekilde inceler.<\/li>\n<\/ul>\n\n\n\n<h3 class=\"wp-block-heading\">4. Raporun D\u00fczenlenmesi<\/h3>\n\n\n\n<ul class=\"wp-block-list\">\n<li>De\u011ferlendirme sonucunda, \u00e7ocu\u011fun \u00f6zel gereksinimlerinin detayl\u0131 bir \u015fekilde belirtildi\u011fi \u00c7\u00d6ZGER haz\u0131rlan\u0131r. Bu rapor, \u00e7ocu\u011fun mevcut durumunu, \u00f6zel gereksinimlerini ve \u00f6nerilen destek hizmetlerini i\u00e7erir.<\/li>\n<\/ul>\n\n\n\n<h3 class=\"wp-block-heading\">5. Raporun Onaylanmas\u0131 ve Teslimi<\/h3>\n\n\n\n<ul class=\"wp-block-list\">\n<li>Rapor, ilgili sa\u011fl\u0131k kurulu\u015fu veya RAM taraf\u0131ndan onayland\u0131ktan sonra aileye veya yasal veliye teslim edilir. Bu rapor, \u00e7ocu\u011fun \u00f6zel e\u011fitim ve rehabilitasyon hizmetlerinden yararlanabilmesi i\u00e7in kullan\u0131l\u0131r.<\/li>\n<\/ul>\n\n\n\n<h3 class=\"wp-block-heading\">6. Hizmetlere Eri\u015fim<\/h3>\n\n\n\n<ul class=\"wp-block-list\">\n<li>\u00c7\u00d6ZGER ile aileler, \u00e7ocuklar\u0131n\u0131n \u00f6zel e\u011fitim ve rehabilitasyon merkezlerinden, okullardan ve di\u011fer ilgili hizmetlerden yararlanmas\u0131n\u0131 sa\u011flayabilir.<\/li>\n<\/ul>\n\n\n\n<h3 class=\"wp-block-heading\">Denetim ve G\u00fcncelleme<\/h3>\n\n\n\n<ul class=\"wp-block-list\">\n<li>\u00c7ocu\u011fun geli\u015fimine ba\u011fl\u0131 olarak \u00c7\u00d6ZGER\u2019in periyodik olarak g\u00fcncellenmesi gerekebilir. Bu durumda, ailelerin yeniden de\u011ferlendirme i\u00e7in ba\u015fvuruda bulunmalar\u0131 gerekir.<\/li>\n\n\n\n<li>\u00d6zel e\u011fitim ve rehabilitasyon merkezleri, \u00c7\u00d6ZGER\u2019e dayanarak sunulan hizmetlerin kalitesini ve uygunlu\u011funu denetlemek i\u00e7in yetkili kurumlarca d\u00fczenli olarak izlenir.<\/li>\n<\/ul>\n\n\n\n<p>\u00c7\u00d6ZGER, \u00e7ocu\u011fun e\u011fitim ve geli\u015fim ihtiya\u00e7lar\u0131n\u0131 kar\u015f\u0131lamak \u00fczere tasarlanm\u0131\u015f \u00f6nemli bir ad\u0131md\u0131r ve \u00e7ocu\u011fun ya\u015fam kalitesinin art\u0131r\u0131lmas\u0131na y\u00f6nelik desteklerin sa\u011flanmas\u0131n\u0131 kolayla\u015ft\u0131r\u0131r.<\/p>\n\n\n\n<h3 class=\"wp-block-heading\"><a href=\"https:\/\/www.dilgem.com.tr\/wp-content\/uploads\/2024\/02\/cozger-raporu-ornegi.webp\"><\/a><\/h3>\n\n\n\n<h3 class=\"wp-block-heading\">\u00c7\u00d6ZGER\u2019in Ama\u00e7lar\u0131<\/h3>\n\n\n\n<ul class=\"wp-block-list\">\n<li><strong>Bireysel \u0130htiya\u00e7lar\u0131n Tan\u0131mlanmas\u0131:<\/strong>\u00a0\u00c7ocu\u011fun \u00f6\u011frenme g\u00fc\u00e7l\u00fckleri, duygusal ve davran\u0131\u015fsal zorluklar gibi bireysel ihtiya\u00e7lar\u0131n\u0131 tan\u0131mlar.<\/li>\n\n\n\n<li><strong>E\u011fitim ve Destek Planlamas\u0131:<\/strong>\u00a0\u00c7ocu\u011fun e\u011fitimine ve g\u00fcnl\u00fck ya\u015fam\u0131na y\u00f6nelik \u00f6zel destek ve m\u00fcdahalelerin planlanmas\u0131n\u0131 sa\u011flar.<\/li>\n\n\n\n<li><strong>Kaynaklar\u0131n Etkili Kullan\u0131m\u0131:<\/strong>\u00a0\u00c7ocu\u011fa en uygun destek ve kaynaklar\u0131n belirlenmesine ve bu kaynaklar\u0131n etkili bir \u015fekilde kullan\u0131lmas\u0131na yard\u0131mc\u0131 olur.<\/li>\n\n\n\n<li><strong>\u0130zleme ve De\u011ferlendirme:<\/strong>\u00a0\u00c7ocu\u011fun geli\u015fimini izlemek ve sunulan desteklerin etkinli\u011fini de\u011ferlendirmek i\u00e7in bir temel sa\u011flar.<\/li>\n<\/ul>\n\n\n\n<h3 class=\"wp-block-heading\">\u00c7\u00d6ZGER\u2019in \u0130\u00e7eri\u011fi<\/h3>\n\n\n\n<p>\u00c7ocuklar i\u00e7in \u00d6zel Gereksinim Raporu genellikle a\u015fa\u011f\u0131daki b\u00f6l\u00fcmleri i\u00e7erir:<\/p>\n\n\n\n<ol class=\"wp-block-list\">\n<li><strong>Giri\u015f:<\/strong>\u00a0\u00c7ocu\u011fun genel bilgileri, raporu haz\u0131rlayan uzman(lar) ve raporun amac\u0131.<\/li>\n\n\n\n<li><strong>De\u011ferlendirme Sonu\u00e7lar\u0131:<\/strong>\u00a0\u00c7ocu\u011fun fiziksel, bili\u015fsel, duygusal ve sosyal becerilerine y\u00f6nelik de\u011ferlendirme sonu\u00e7lar\u0131.<\/li>\n\n\n\n<li><strong>\u00d6zel Gereksinimlerin Tan\u0131mlanmas\u0131:<\/strong>\u00a0\u00c7ocu\u011fun \u00f6zel e\u011fitim ve di\u011fer destek hizmetlerine olan ihtiya\u00e7lar\u0131n\u0131n detayl\u0131 bir \u015fekilde tan\u0131mlanmas\u0131.<\/li>\n\n\n\n<li><strong>\u00d6neriler:<\/strong>\u00a0\u00c7ocu\u011fun \u00f6zel gereksinimlerini kar\u015f\u0131lamak i\u00e7in \u00f6nerilen e\u011fitim stratejileri, terapiler ve di\u011fer destek hizmetleri.<\/li>\n\n\n\n<li><strong>Uygulama Plan\u0131:<\/strong>\u00a0\u00d6nerilen m\u00fcdahalelerin nas\u0131l ve ne zaman uygulanaca\u011f\u0131na dair bir plan.<\/li>\n<\/ol>\n\n\n\n<p>\u00c7\u00d6ZGER, \u00e7ocuklar\u0131n e\u011fitimi ve genel refah\u0131 i\u00e7in hayati \u00f6neme sahip bir ara\u00e7t\u0131r. Bu rapor, \u00e7ocu\u011fun bireysel ihtiya\u00e7lar\u0131n\u0131 anlamak, uygun destekleri sa\u011flamak ve \u00e7ocu\u011fun potansiyeline ula\u015fmas\u0131na yard\u0131mc\u0131 olmak i\u00e7in bir temel sa\u011flar. \u00d6zel gereksinimleri olan \u00e7ocuklar\u0131n e\u011fitimine ve geli\u015fimine y\u00f6nelik stratejik bir yakla\u015f\u0131m sunar.<\/p>\n\n\n\n<h3 class=\"wp-block-heading\"><a href=\"https:\/\/www.dilgem.com.tr\/wp-content\/uploads\/2024\/02\/ram-raporu-ornegi.jpg\"><\/a><\/h3>\n\n\n\n<h3 class=\"wp-block-heading\">Rehberlik ve Ara\u015ft\u0131rma Merkezi (RAM) Raporu<\/h3>\n\n\n\n<p>Rehberlik ve Ara\u015ft\u0131rma Merkezleri (RAM), Milli E\u011fitim Bakanl\u0131\u011f\u0131\u2019na ba\u011fl\u0131 bir birim olup neredeyse\u00a0T\u00fcrkiye\u2019nin t\u00fcm il ve il\u00e7elerine yay\u0131lm\u0131\u015f, \u00f6zel gereksinimli bireylerin e\u011fitim ve geli\u015fim ihtiya\u00e7lar\u0131n\u0131 belirlemek amac\u0131yla detayl\u0131 de\u011ferlendirmeler yapan kurulu\u015flard\u0131r. Bu de\u011ferlendirmeler sonucunda, bireyin destek e\u011fitime ihtiyac\u0131 oldu\u011fu tespit edilirse, \u00d6zel E\u011fitim De\u011ferlendirme Kurulu taraf\u0131ndan bir RAM raporu d\u00fczenlenir. RAM raporu, bireyin e\u011fitimsel gereksinimlerini kar\u015f\u0131lamak i\u00e7in gerekli olan \u00f6zel e\u011fitim ve destek hizmetlerinin belirlenmesinde kritik bir role sahiptir.<\/p>\n\n\n\n<h3 class=\"wp-block-heading\">RAM Raporunun \u00d6nemi<\/h3>\n\n\n\n<ul class=\"wp-block-list\">\n<li><strong>Bireysel \u0130htiya\u00e7lar\u0131n Tan\u0131mlanmas\u0131:<\/strong>\u00a0\u00d6zel gereksinimli bireyin g\u00fc\u00e7l\u00fc y\u00f6nleri ve desteklenmesi gereken alanlar\u0131 belirler.<\/li>\n\n\n\n<li><strong>E\u011fitim ve Destek Planlamas\u0131:<\/strong>\u00a0Birey i\u00e7in uygun \u00f6zel e\u011fitim programlar\u0131, terapiler ve di\u011fer destek hizmetlerinin planlanmas\u0131na yard\u0131mc\u0131 olur.<\/li>\n\n\n\n<li><strong>Eri\u015fim Sa\u011flama:<\/strong>\u00a0\u00d6zel gereksinimli bireylerin e\u011fitim haklar\u0131ndan faydalanabilmesi i\u00e7in gerekli yasal belgeyi sa\u011flar.<\/li>\n<\/ul>\n\n\n\n<h3 class=\"wp-block-heading\">RAM Raporu Nas\u0131l Al\u0131n\u0131r?<\/h3>\n\n\n\n<p>RAM raporunu almak i\u00e7in izlenmesi gereken ad\u0131mlar \u015funlard\u0131r:<\/p>\n\n\n\n<ol class=\"wp-block-list\">\n<li><strong>Ba\u015fvuru:<\/strong>\u00a0Velilerin veya yasal vasilerin, \u00f6zel gereksinimli birey ad\u0131na, ikamet ettikleri b\u00f6lgedeki Rehberlik ve Ara\u015ft\u0131rma Merkezine ba\u015fvurmas\u0131 gerekmektedir.<\/li>\n\n\n\n<li><strong>Gerekli Evraklar:<\/strong>\u00a0Ba\u015fvuru s\u0131ras\u0131nda, genellikle a\u015fa\u011f\u0131daki evraklar istenir:\n<ul class=\"wp-block-list\">\n<li>Bireyin n\u00fcfus c\u00fczdan\u0131 ve fotokopisi<\/li>\n\n\n\n<li>Velinin kimlik belgesi ve fotokopisi<\/li>\n\n\n\n<li>Bireyin e\u011fitim durumunu g\u00f6sterir belgeler (varsa)<\/li>\n\n\n\n<li>Sa\u011fl\u0131k raporu veya \u00f6nceki de\u011ferlendirme raporlar\u0131 (varsa)<\/li>\n<\/ul>\n<\/li>\n\n\n\n<li><strong>De\u011ferlendirme S\u00fcreci:<\/strong>\u00a0Ba\u015fvurunun ard\u0131ndan birey, \u00e7e\u015fitli alanlarda uzman e\u011fitimciler ve psikologlar taraf\u0131ndan de\u011ferlendirilir. Bu de\u011ferlendirme s\u00fcreci, bireyin e\u011fitsel, duygusal, sosyal ve fiziksel ihtiya\u00e7lar\u0131n\u0131 kapsaml\u0131 bir \u015fekilde analiz eder.<\/li>\n\n\n\n<li><strong>RAPORUN D\u00dcZENLENMES\u0130:<\/strong>\u00a0De\u011ferlendirme sonu\u00e7lar\u0131na dayanarak, \u00d6zel E\u011fitim De\u011ferlendirme Kurulu bir rapor d\u00fczenler. Bu rapor, bireyin \u00f6zel e\u011fitim ve destek hizmetlerine ihtiyac\u0131 oldu\u011funu belirtir ve uygun e\u011fitim programlar\u0131na y\u00f6nlendirme yapar.<\/li>\n<\/ol>\n\n\n\n<h3 class=\"wp-block-heading\">RAM Raporunun \u0130\u00e7eri\u011fi<\/h3>\n\n\n\n<p>RAM raporu, bireyin mevcut durumu, \u00f6zel gereksinimleri, \u00f6nerilen e\u011fitim ve terapi y\u00f6ntemleri gibi \u00f6nemli bilgileri i\u00e7erir. Ayr\u0131ca, bireyin takip edilmesi ve de\u011ferlendirilmesi gereken hedefler ile bu hedeflere ula\u015fmak i\u00e7in \u00f6nerilen stratejileri de kapsar.<\/p>\n\n\n\n<p>RAM raporu, \u00f6zel gereksinimli bireylerin e\u011fitim ve geli\u015fim yolculu\u011funda \u00f6nemli bir kilometre ta\u015f\u0131d\u0131r. Bu rapor, bireyin potansiyelini en iyi \u015fekilde kullanabilmesi i\u00e7in gerekli olan destek ve kaynaklara eri\u015fimini sa\u011flar. \u00d6zel gereksinimli bireyler ve aileleri i\u00e7in, RAM raporunu almak ve bu raporda \u00f6nerilen destek hizmetlerinden faydalanmak, e\u011fitim s\u00fcrecinde b\u00fcy\u00fck bir fark yaratabilir.<\/p>\n\n\n\n<h3 class=\"wp-block-heading\">\u00c7\u00d6ZGER ve RAM Raporlar\u0131 Bireylerin Kariyerlerini Olumsuz Etkiler mi?<\/h3>\n\n\n\n<p>\u00d6zel gereksinimli \u00e7ocuklar\u0131n e\u011fitim ve geli\u015fim yolculu\u011funda, \u00c7\u00d6ZGER ve RAM raporlar\u0131 gibi de\u011ferlendirme belgeleri, onlar\u0131n ihtiya\u00e7 duyduklar\u0131 destek ve kaynaklara eri\u015fim sa\u011flamak i\u00e7in b\u00fcy\u00fck \u00f6nem ta\u015f\u0131r. Ancak, baz\u0131 aileler bu raporlar\u0131n \u00e7ocuklar\u0131n\u0131n gelecekteki kariyerlerini ve i\u015f bulma s\u00fcre\u00e7lerini olumsuz etkileyebilece\u011fi konusunda endi\u015feler ya\u015fayabilir. Bu yaz\u0131da, bu kayg\u0131lar\u0131n neden yersiz oldu\u011funu ve devletin i\u015fe al\u0131m s\u00fcre\u00e7lerinde nas\u0131l bir yakla\u015f\u0131m benimsedi\u011fini a\u00e7\u0131klamak istiyoruz.<\/p>\n\n\n\n<h3 class=\"wp-block-heading\">Ge\u00e7mi\u015f De\u011fil, G\u00fcncel Durum \u00d6nemli<\/h3>\n\n\n\n<p>Devlet ve \u00e7o\u011fu \u00f6zel sekt\u00f6r kurulu\u015fu, i\u015fe al\u0131m yaparken adaylar\u0131n g\u00fcncel yeteneklerine, bilgi ve becerilerine odaklan\u0131r. \u0130\u015fe al\u0131m s\u00fcre\u00e7lerinde, bireylerin ge\u00e7mi\u015fteki sa\u011fl\u0131k durumlar\u0131 veya e\u011fitim s\u00fcre\u00e7lerinde kar\u015f\u0131la\u015ft\u0131klar\u0131 zorluklar de\u011fil, mevcut i\u015f i\u00e7in gerekli olan yetkinlikler ve uygunluk esas al\u0131n\u0131r. Bu nedenle, \u00e7ocu\u011funuzun ge\u00e7mi\u015fte ald\u0131\u011f\u0131 destek e\u011fitimler veya \u00f6zel gereksinimlerine dair raporlar, gelecekteki kariyerine engel te\u015fkil etmez.<\/p>\n\n\n\n<h3 class=\"wp-block-heading\">Destekleyici Belgeler Olarak \u00c7\u00d6ZGER ve RAM Raporlar\u0131<\/h3>\n\n\n\n<p>\u00c7\u00d6ZGER ve RAM raporlar\u0131, \u00e7ocu\u011funuzun \u00f6zel gereksinimlerini anlamak ve bu ihtiya\u00e7lara uygun destekleri sa\u011flamak amac\u0131yla d\u00fczenlenir. Bu raporlar, \u00e7ocu\u011funuzun geli\u015fimine katk\u0131 sa\u011flayan \u00f6nemli ara\u00e7lard\u0131r ve e\u011fitim s\u00fcrecindeki ba\u015far\u0131lar\u0131n\u0131 desteklemek i\u00e7in var olurlar. Gelecekte, bu raporlar \u00e7ocu\u011funuzun ne kadar g\u00fc\u00e7l\u00fc ve azimli oldu\u011funu, hangi zorluklar\u0131n \u00fcstesinden geldi\u011fini g\u00f6steren birer ba\u015far\u0131 belgesi olarak kabul edilebilir.<\/p>\n\n\n\n<h3 class=\"wp-block-heading\">G\u00fcncel Yeteneklere Odaklanma<\/h3>\n\n\n\n<p>\u0130\u015fverenler ve devlet kurumlar\u0131, adaylar\u0131n mevcut yetenekleri ve i\u015fe katk\u0131da bulunma potansiyelleri ile ilgilenir. \u00d6zel gereksinimli bireyler de dahil olmak \u00fczere her aday, sahip oldu\u011fu beceriler ve yeterlilikler \u00e7er\u00e7evesinde de\u011ferlendirilir. Bu yakla\u015f\u0131m, t\u00fcm bireylerin adil bir \u015fekilde i\u015fe al\u0131m f\u0131rsatlar\u0131na eri\u015fimini sa\u011flar.<\/p>\n\n\n\n<h3 class=\"wp-block-heading\">Toplumda Fark\u0131ndal\u0131k ve \u0130nkl\u00fczyon<\/h3>\n\n\n\n<p>Son y\u0131llarda, \u00f6zel gereksinimli bireylerin sosyal inkl\u00fczyonu ve i\u015f hayat\u0131ndaki f\u0131rsat e\u015fitli\u011fi konular\u0131nda \u00f6nemli ilerlemeler kaydedilmi\u015ftir. Devlet ve \u00f6zel sekt\u00f6r, \u00f6zel gereksinimli bireylerin istihdam\u0131n\u0131 te\u015fvik eden politikalar geli\u015ftirmekte ve bu bireylerin i\u015f g\u00fcc\u00fcne kat\u0131l\u0131m\u0131n\u0131 destekleyici uygulamalar benimsemektedir. Bu geli\u015fmeler, \u00f6zel gereksinimli \u00e7ocuklar\u0131n gelecekteki kariyerlerine dair olumlu bir perspektif sunar.<\/p>\n\n\n\n<p>\u00c7\u00d6ZGER ve RAM raporlar\u0131, \u00e7ocu\u011funuzun e\u011fitim ve geli\u015fim yolculu\u011funda onlara destek olmak i\u00e7in var olan de\u011ferli ara\u00e7lard\u0131r. Bu belgelerin, \u00e7ocu\u011funuzun gelecekteki kariyerine olumsuz bir etkisi olmayaca\u011f\u0131na dair g\u00fcvence vermek isteriz. Aksine, bu raporlar \u00e7ocu\u011funuzun geli\u015fiminde kaydetti\u011fi ilerlemeyi ve kar\u015f\u0131la\u015ft\u0131\u011f\u0131 zorluklar\u0131n \u00fcstesinden nas\u0131l geldi\u011fini belgeleyen \u00f6nemli ba\u015far\u0131 i\u015faretleridir. Devletin ve i\u015f d\u00fcnyas\u0131n\u0131n, bireylerin mevcut yetenekleri ve potansiyellerine odaklanan adil ve inkl\u00fczyon odakl\u0131 i\u015fe al\u0131m politikalar\u0131, \u00e7ocu\u011funuzun ayd\u0131nl\u0131k bir gelece\u011fe sahip olaca\u011f\u0131n\u0131n bir g\u00f6stergesidir.<\/p>\n\n\n\n<p>Sevgili aileler, \u00e7ocuklar\u0131n\u0131z\u0131n gelece\u011fi parlakt\u0131r ve onlar\u0131n yan\u0131nda oldu\u011funuz s\u00fcrece her t\u00fcrl\u00fc zorlu\u011fun \u00fcstesinden gelebileceklerine emin olabilirsiniz.<\/p>\n\n\n<div class=\"wp-block-image\">\n<figure class=\"aligncenter size-large\"><img loading=\"lazy\" decoding=\"async\" width=\"1024\" height=\"683\" src=\"http:\/\/www.sirincerehabilitasyon.com\/wp-content\/uploads\/2024\/12\/IMG_2007-1024x683.jpg\" alt=\"\" class=\"wp-image-146\"\/><\/figure>\n<\/div>\n\n\n<h3 class=\"wp-block-heading\">\u00d6zel E\u011fitim ve Rehabilitasyon Merkezileri<\/h3>\n\n\n\n<p>\u00d6zel e\u011fitim ve rehabilitasyon merkezleri, \u00f6zel gereksinimli bireylere y\u00f6nelik e\u011fitim ve destek hizmetleri sunan kurulu\u015flard\u0131r. Bu merkezlerin temel amac\u0131, bireylerin sosyal, e\u011fitimsel ve mesleki potansiyellerini en \u00fcst d\u00fczeye \u00e7\u0131karmak ve onlara ba\u011f\u0131ms\u0131z bir ya\u015fam s\u00fcrme becerileri kazand\u0131rmakt\u0131r. \u0130\u015fte bu merkezlerin i\u015fleyi\u015fi, kurulu\u015f amac\u0131, hizmet verdikleri bireyler ve denetlenme s\u00fcre\u00e7leri hakk\u0131nda detayl\u0131 bilgiler:<\/p>\n\n\n\n<h3 class=\"wp-block-heading\">Kurulu\u015f Amac\u0131<\/h3>\n\n\n\n<p>\u00d6zel e\u011fitim ve rehabilitasyon merkezlerinin temel amac\u0131, engelli bireylerin ve \u00f6zel gereksinimli \u00e7ocuklar\u0131n geli\u015fimine katk\u0131da bulunmak, onlar\u0131n topluma entegrasyonunu sa\u011flamak ve ya\u015fam kalitelerini art\u0131rmakt\u0131r. Bu merkezler, bireylerin e\u011fitim ve rehabilitasyon ihtiya\u00e7lar\u0131na y\u00f6nelik bireyselle\u015ftirilmi\u015f programlar geli\u015ftirerek, onlar\u0131n sosyal becerilerini, akademik yeteneklerini ve i\u015f g\u00fcc\u00fc piyasas\u0131nda rekabet edebilirliklerini art\u0131rmay\u0131 hedefler.<\/p>\n\n\n\n<h3 class=\"wp-block-heading\">Hizmet Verilen Bireyler ve Destek E\u011fitim Programlar\u0131<\/h3>\n\n\n\n<p>\u00d6zel e\u011fitim ve rehabilitasyon merkezleri, \u00e7e\u015fitli engel gruplar\u0131ndan bireylere a\u015fa\u011f\u0131da belirtilen&nbsp;<a href=\"https:\/\/orgm.meb.gov.tr\/www\/destek-egitim-programlari\/icerik\/1659\" target=\"_blank\" rel=\"noreferrer noopener\">destek e\u011fitim programlar\u0131<\/a>&nbsp;kapsam\u0131nda hizmet verir.<\/p>\n\n\n\n<ul class=\"wp-block-list\">\n<li>Bedensel Yetersizli\u011fi Olan Bireyler \u0130\u00e7in Destek E\u011fitimi Program\u0131<\/li>\n\n\n\n<li>Dil ve Konu\u015fma Bozuklu\u011fu Olan Bireyler \u0130\u00e7in Destek E\u011fitim Program\u0131<\/li>\n\n\n\n<li>G\u00f6rme Yetersizli\u011fi Olan Bireyler \u0130\u00e7in Destek E\u011fitim Program\u0131<\/li>\n\n\n\n<li>\u0130\u015fitme Yetersizli\u011fi Olan Bireyler \u0130\u00e7in Destek E\u011fitim Program\u0131<\/li>\n\n\n\n<li>\u00d6\u011frenme G\u00fc\u00e7l\u00fc\u011f\u00fc Olan Bireyler \u0130\u00e7in Destek E\u011fitim Program\u0131<\/li>\n\n\n\n<li>Otizm Spektrum Bozuklu\u011fu Olan Bireyler \u0130\u00e7in Destek E\u011fitim Program\u0131<\/li>\n\n\n\n<li>Zihinsel Yetersizli\u011fi Olan Bireyler \u0130\u00e7in Destek E\u011fitim Program\u0131<\/li>\n<\/ul>\n\n\n\n<h3 class=\"wp-block-heading\">\u0130\u015fleyi\u015f ve Sunulan Hizmetler<\/h3>\n\n\n\n<p>\u00d6zel e\u011fitim ve rehabilitasyon merkezleri, multidisipliner bir yakla\u015f\u0131mla hizmet sunar. Bu merkezlerde Psikolojik Dan\u0131\u015fman, Psikolog, \u00d6zel E\u011fitim \u00d6\u011fretmeni, Dil ve Konu\u015fma Terapisti, Ergoterapist, Fizyoterapist, Odyolog, S\u0131n\u0131f \u00d6\u011fretmeni, Okul \u00d6ncesi \u00d6\u011fretmeni, \u00c7ocuk Geli\u015fimci, Sosyal Hizmet Uzman\u0131&nbsp;g\u00f6rev yapar. Sunulan hizmetler aras\u0131nda;<\/p>\n\n\n\n<ul class=\"wp-block-list\">\n<li>Bireyselle\u015ftirilmi\u015f e\u011fitim programlar\u0131,<\/li>\n\n\n\n<li>Dil ve Konu\u015fma terapisi,<\/li>\n\n\n\n<li>Fizyoterapi<\/li>\n\n\n\n<li>Ergoterapi \u2013 Duyu B\u00fct\u00fcnleme Terapisi<\/li>\n\n\n\n<li>Sosyal beceri e\u011fitimleri,<\/li>\n\n\n\n<li>Mesleki e\u011fitim ve dan\u0131\u015fmanl\u0131k hizmetleri yer al\u0131r.<\/li>\n<\/ul>\n\n\n\n<h3 class=\"wp-block-heading\"><a href=\"https:\/\/www.dilgem.com.tr\/wp-content\/uploads\/2023\/08\/dilgem-adana-3.jpeg\"><\/a><\/h3>\n\n\n\n<h3 class=\"wp-block-heading\">Denetlenme S\u00fcreci<\/h3>\n\n\n\n<p>\u00d6zel e\u011fitim ve rehabilitasyon merkezleri, Mill\u00ee E\u011fitim Bakanl\u0131\u011f\u0131 ve ilgili yerel e\u011fitim otoriteleri taraf\u0131ndan d\u00fczenli olarak denetlenir. Bu denetimler, merkezlerin standartlara uygun olarak i\u015fletilip i\u015fletilmedi\u011fini, sunulan e\u011fitim ve rehabilitasyon hizmetlerinin kalitesini ve bireylerin g\u00fcvenli\u011fini kontrol etmek amac\u0131yla yap\u0131l\u0131r. Denetim s\u00fcreci, merkezlerin ruhsatlar\u0131n\u0131n devaml\u0131l\u0131\u011f\u0131, hizmet kalitesinin s\u00fcrekli iyile\u015ftirilmesi ve mevzuata uygunlu\u011fun sa\u011flanmas\u0131 a\u00e7\u0131s\u0131ndan kritik \u00f6neme sahiptir.<\/p>\n\n\n\n<p>\u00d6zel e\u011fitim ve rehabilitasyon merkezleri, bireylerin ve ailelerin ya\u015fam\u0131nda pozitif bir de\u011fi\u015fim yaratma potansiyeline sahiptir. Bu merkezler, \u00f6zel gereksinimli bireylerin toplumsal entegrasyonunu destekleyerek, onlara daha ba\u011f\u0131ms\u0131z ve dolu dolu bir ya\u015fam s\u00fcrme f\u0131rsat\u0131 sunar.<\/p>\n\n\n\n<p><\/p>\n\n\n\n<p>Kaynak: www.dilgem.com.tr<\/p>\n\n\n\n<p><\/p>\n","protected":false},"excerpt":{"rendered":"<p>&#8220;\u00c7\u00d6ZGER ya da RAM Raporlar\u0131 \u00c7ocuklar\u0131n Kariyerini Olumsuz Etkiler mi?&#8221; \u00c7ocuklar i\u00e7in \u00d6zel Gereksinim Raporu (\u00c7\u00d6ZGER), \u00e7ocuklar\u0131n \u00f6zel e\u011fitim ve rehabilitasyon hizmetlerinden yararlanabilmeleri i\u00e7in gereken \u00f6nemli bir belgedir. Bu rapor, \u00e7ocu\u011fun \u00f6zel gereksinimlerinin resmi olarak tan\u0131nmas\u0131n\u0131 ve bu ihtiya\u00e7lara y\u00f6nelik uygun desteklerin sa\u011flanmas\u0131n\u0131 ama\u00e7lar. \u00c7\u00d6ZGER al\u0131nma s\u00fcreci, genellikle a\u015fa\u011f\u0131daki ad\u0131mlar\u0131 i\u00e7erir: 1. Ba\u015fvuru Yap\u0131lmas\u0131 2.<span class=\"post-excerpt-end\">&hellip;<\/span><\/p>\n<p class=\"more-link\"><a href=\"https:\/\/www.sirincerehabilitasyon.com\/?page_id=147\" class=\"themebutton\">Read More<\/a><\/p>\n","protected":false},"author":1,"featured_media":149,"parent":0,"menu_order":0,"comment_status":"closed","ping_status":"closed","template":"","meta":{"_exactmetrics_skip_tracking":false,"_exactmetrics_sitenote_active":false,"_exactmetrics_sitenote_note":"","_exactmetrics_sitenote_category":0,"footnotes":""},"class_list":["post-147","page","type-page","status-publish","has-post-thumbnail","hentry"],"_links":{"self":[{"href":"https:\/\/www.sirincerehabilitasyon.com\/index.php?rest_route=\/wp\/v2\/pages\/147","targetHints":{"allow":["GET"]}}],"collection":[{"href":"https:\/\/www.sirincerehabilitasyon.com\/index.php?rest_route=\/wp\/v2\/pages"}],"about":[{"href":"https:\/\/www.sirincerehabilitasyon.com\/index.php?rest_route=\/wp\/v2\/types\/page"}],"author":[{"embeddable":true,"href":"https:\/\/www.sirincerehabilitasyon.com\/index.php?rest_route=\/wp\/v2\/users\/1"}],"replies":[{"embeddable":true,"href":"https:\/\/www.sirincerehabilitasyon.com\/index.php?rest_route=%2Fwp%2Fv2%2Fcomments&post=147"}],"version-history":[{"count":1,"href":"https:\/\/www.sirincerehabilitasyon.com\/index.php?rest_route=\/wp\/v2\/pages\/147\/revisions"}],"predecessor-version":[{"id":148,"href":"https:\/\/www.sirincerehabilitasyon.com\/index.php?rest_route=\/wp\/v2\/pages\/147\/revisions\/148"}],"wp:featuredmedia":[{"embeddable":true,"href":"https:\/\/www.sirincerehabilitasyon.com\/index.php?rest_route=\/wp\/v2\/media\/149"}],"wp:attachment":[{"href":"https:\/\/www.sirincerehabilitasyon.com\/index.php?rest_route=%2Fwp%2Fv2%2Fmedia&parent=147"}],"curies":[{"name":"wp","href":"https:\/\/api.w.org\/{rel}","templated":true}]}}