{"id":108,"date":"2024-01-09T10:50:34","date_gmt":"2024-01-09T10:50:34","guid":{"rendered":"http:\/\/www.sirincerehabilitasyon.com\/?page_id=108"},"modified":"2024-09-23T09:17:06","modified_gmt":"2024-09-23T09:17:06","slug":"ekibimiz","status":"publish","type":"page","link":"https:\/\/www.sirincerehabilitasyon.com\/?page_id=108","title":{"rendered":"Ekibimiz"},"content":{"rendered":"\n<p>Konusunda uzman ekibimiz sizleri bekliyor.<\/p>\n\n\n\n<figure class=\"wp-block-embed is-type-video is-provider-youtube wp-block-embed-youtube wp-embed-aspect-16-9 wp-has-aspect-ratio\"><div class=\"wp-block-embed__wrapper\">\n<iframe loading=\"lazy\" title=\"\u015eirince \u0130\u015ftime Konu\u015fma Bozukluklar\u0131 Merkezi 09_2024\" width=\"1170\" height=\"658\" src=\"https:\/\/www.youtube.com\/embed\/n3izHd_roIM?feature=oembed\" frameborder=\"0\" allow=\"accelerometer; autoplay; clipboard-write; encrypted-media; gyroscope; picture-in-picture; web-share\" referrerpolicy=\"strict-origin-when-cross-origin\" allowfullscreen><\/iframe>\n<\/div><\/figure>\n","protected":false},"excerpt":{"rendered":"<p>Konusunda uzman ekibimiz sizleri bekliyor.<\/p>\n","protected":false},"author":1,"featured_media":0,"parent":0,"menu_order":0,"comment_status":"closed","ping_status":"closed","template":"","meta":{"_exactmetrics_skip_tracking":false,"_exactmetrics_sitenote_active":false,"_exactmetrics_sitenote_note":"","_exactmetrics_sitenote_category":0,"footnotes":""},"class_list":["post-108","page","type-page","status-publish","hentry"],"_links":{"self":[{"href":"https:\/\/www.sirincerehabilitasyon.com\/index.php?rest_route=\/wp\/v2\/pages\/108","targetHints":{"allow":["GET"]}}],"collection":[{"href":"https:\/\/www.sirincerehabilitasyon.com\/index.php?rest_route=\/wp\/v2\/pages"}],"about":[{"href":"https:\/\/www.sirincerehabilitasyon.com\/index.php?rest_route=\/wp\/v2\/types\/page"}],"author":[{"embeddable":true,"href":"https:\/\/www.sirincerehabilitasyon.com\/index.php?rest_route=\/wp\/v2\/users\/1"}],"replies":[{"embeddable":true,"href":"https:\/\/www.sirincerehabilitasyon.com\/index.php?rest_route=%2Fwp%2Fv2%2Fcomments&post=108"}],"version-history":[{"count":3,"href":"https:\/\/www.sirincerehabilitasyon.com\/index.php?rest_route=\/wp\/v2\/pages\/108\/revisions"}],"predecessor-version":[{"id":142,"href":"https:\/\/www.sirincerehabilitasyon.com\/index.php?rest_route=\/wp\/v2\/pages\/108\/revisions\/142"}],"wp:attachment":[{"href":"https:\/\/www.sirincerehabilitasyon.com\/index.php?rest_route=%2Fwp%2Fv2%2Fmedia&parent=108"}],"curies":[{"name":"wp","href":"https:\/\/api.w.org\/{rel}","templated":true}]}}